{"id":514125,"date":"2021-06-11T14:20:46","date_gmt":"2021-06-11T12:20:46","guid":{"rendered":"https:\/\/wp-test.bigmachinery.nl\/services\/workshop\/"},"modified":"2025-12-04T10:26:21","modified_gmt":"2025-12-04T09:26:21","slug":"oficina","status":"publish","type":"page","link":"https:\/\/bigmachinery.nl\/pt-pt\/servicos\/oficina\/","title":{"rendered":"Oficina"},"content":{"rendered":"\n<p><strong>Servi\u00e7os especializados de oficina na BIG Machinery <\/strong><\/p>\n\n\n\n<p>Desde <strong>inspe\u00e7\u00f5es t\u00e9cnicas e hidr\u00e1ulicas at\u00e9 verifica\u00e7\u00f5es do chassi, pintura, e substitui\u00e7\u00e3o de pe\u00e7as<\/strong> &#8211; tudo \u00e9 poss\u00edvel na nossa totalmente equipada <strong>oficina BIG<\/strong>. Os nossos mec\u00e2nicos qualificados trabalham diariamente para garantir a qualidade e durabilidade dos nossos equipamentos usados. <\/p>\n\n\n\n<p>Ao comprar m\u00e1quinas, cami\u00f5es ou equipamentos na BIG Machinery, pode sempre aproveitar as nossas <strong>op\u00e7\u00f5es de servi\u00e7os internos competitivos<\/strong>.<\/p>\n","protected":false},"excerpt":{"rendered":"<p>Servi\u00e7os especializados de oficina na BIG Machinery Desde inspe\u00e7\u00f5es t\u00e9cnicas e hidr\u00e1ulicas at\u00e9 verifica\u00e7\u00f5es do chassi, pintura, e substitui\u00e7\u00e3o de pe\u00e7as &#8211; tudo \u00e9 poss\u00edvel na nossa totalmente equipada oficina BIG. Os nossos mec\u00e2nicos qualificados trabalham diariamente para garantir a qualidade e durabilidade dos nossos equipamentos usados. Ao comprar m\u00e1quinas, cami\u00f5es ou equipamentos na BIG [&hellip;]<\/p>\n","protected":false},"author":1,"featured_media":513738,"parent":514095,"menu_order":0,"comment_status":"closed","ping_status":"closed","template":"","meta":{"_acf_changed":false,"footnotes":""},"class_list":["post-514125","page","type-page","status-publish","has-post-thumbnail","hentry"],"acf":{"page_content":false},"_links":{"self":[{"href":"https:\/\/bigmachinery.nl\/pt-pt\/wp-json\/wp\/v2\/pages\/514125","targetHints":{"allow":["GET"]}}],"collection":[{"href":"https:\/\/bigmachinery.nl\/pt-pt\/wp-json\/wp\/v2\/pages"}],"about":[{"href":"https:\/\/bigmachinery.nl\/pt-pt\/wp-json\/wp\/v2\/types\/page"}],"author":[{"embeddable":true,"href":"https:\/\/bigmachinery.nl\/pt-pt\/wp-json\/wp\/v2\/users\/1"}],"replies":[{"embeddable":true,"href":"https:\/\/bigmachinery.nl\/pt-pt\/wp-json\/wp\/v2\/comments?post=514125"}],"version-history":[{"count":2,"href":"https:\/\/bigmachinery.nl\/pt-pt\/wp-json\/wp\/v2\/pages\/514125\/revisions"}],"predecessor-version":[{"id":1606397,"href":"https:\/\/bigmachinery.nl\/pt-pt\/wp-json\/wp\/v2\/pages\/514125\/revisions\/1606397"}],"up":[{"embeddable":true,"href":"https:\/\/bigmachinery.nl\/pt-pt\/wp-json\/wp\/v2\/pages\/514095"}],"wp:featuredmedia":[{"embeddable":true,"href":"https:\/\/bigmachinery.nl\/pt-pt\/wp-json\/wp\/v2\/media\/513738"}],"wp:attachment":[{"href":"https:\/\/bigmachinery.nl\/pt-pt\/wp-json\/wp\/v2\/media?parent=514125"}],"curies":[{"name":"wp","href":"https:\/\/api.w.org\/{rel}","templated":true}]}}