{"id":94538,"date":"2016-11-04T15:49:44","date_gmt":"2016-11-04T14:49:44","guid":{"rendered":"https:\/\/www.bigmachinery.nl\/contact-us\/"},"modified":"2025-12-05T11:53:00","modified_gmt":"2025-12-05T10:53:00","slug":"nous-contacter","status":"publish","type":"page","link":"https:\/\/bigmachinery.nl\/fr\/nous-contacter\/","title":{"rendered":"Contactez-nous"},"content":{"rendered":"","protected":false},"excerpt":{"rendered":"","protected":false},"author":1,"featured_media":0,"parent":0,"menu_order":0,"comment_status":"closed","ping_status":"closed","template":"template-contact.php","meta":{"_acf_changed":false,"footnotes":""},"class_list":["post-94538","page","type-page","status-publish","hentry"],"acf":{"text_box":"Pour toute information compl\u00e9mentaire, n\u2019h\u00e9sitez pas \u00e0 nous contacter, notre    \u00e9quipe se fera un plaisir de vous aider.  ","contact_adres":"<p>Big Machinery<br \/>\nSchiemerik 1<br \/>\n5334 NL Velddriel<br \/>\nPays-Bas<\/p>\n","contact_info":"<table>\n<tr>\n<td>Num\u00e9ro de t\u00e9l\u00e9phone<\/td>\n<td>(0418) 674 545<\/td>\n<\/tr>\n<tr>\n<td>Adresse e-mail<\/td>\n<td>info@bigmachinery.nl<\/td>\n<\/tr>\n<\/table>\n","google_maps":{"address":"Big Machinery Schiemerik 1 5334 NL Velddriel","lat":"51.76931829999999","lng":"5.304365500000017"},"additional":"<table class=\"contact-table\" width=\"100%\">\n<tbody>\n<tr>\n<td width=\"30%\"><strong>Coordonn\u00e9es bancaires :<\/strong><br \/>\nRabobank Nederland<br \/>\nCroeselaan 18, 3521CB UTRECHT<\/td>\n<td width=\"35%\"><strong>BIG Machinery B.V.<\/strong><\/p>\n<table>\n<tbody>\n<tr>\n<td>Num\u00e9ro de TVA<\/td>\n<td>: NL.8126.16.583.B.01<\/td>\n<\/tr>\n<tr>\n<td>Num\u00e9ro de registre (Chambre de Commerce) :<\/td>\n<td>: 11057540<\/td>\n<\/tr>\n<tr>\n<td>Code SWIFT<\/td>\n<td>: RABONL2U<\/td>\n<\/tr>\n<tr>\n<td>Num\u00e9ro IBAN<\/td>\n<td>: NL 62 RABO 0311 5122 08<\/td>\n<\/tr>\n<\/tbody>\n<\/table>\n<\/td>\n<td width=\"35%\"><strong>BIG Trucks B.V.<\/strong><\/p>\n<table>\n<tbody>\n<tr>\n<td>Num\u00e9ro de TVA<\/td>\n<td>: NL..8134.72.222.B.01<\/td>\n<\/tr>\n<tr>\n<td>Num\u00e9ro de registre (Chambre de Commerce) :<\/td>\n<td>: 24367007<\/td>\n<\/tr>\n<tr>\n<td>Code SWIFT<\/td>\n<td>: RABONL2U<\/td>\n<\/tr>\n<tr>\n<td>Num\u00e9ro IBAN<\/td>\n<td>: NL 12 RABO 0351 6481 19<\/td>\n<\/tr>\n<\/tbody>\n<\/table>\n<\/td>\n<\/tr>\n<\/tbody>\n<\/table>\n","form":"3"},"_links":{"self":[{"href":"https:\/\/bigmachinery.nl\/fr\/wp-json\/wp\/v2\/pages\/94538","targetHints":{"allow":["GET"]}}],"collection":[{"href":"https:\/\/bigmachinery.nl\/fr\/wp-json\/wp\/v2\/pages"}],"about":[{"href":"https:\/\/bigmachinery.nl\/fr\/wp-json\/wp\/v2\/types\/page"}],"author":[{"embeddable":true,"href":"https:\/\/bigmachinery.nl\/fr\/wp-json\/wp\/v2\/users\/1"}],"replies":[{"embeddable":true,"href":"https:\/\/bigmachinery.nl\/fr\/wp-json\/wp\/v2\/comments?post=94538"}],"version-history":[{"count":2,"href":"https:\/\/bigmachinery.nl\/fr\/wp-json\/wp\/v2\/pages\/94538\/revisions"}],"predecessor-version":[{"id":1608872,"href":"https:\/\/bigmachinery.nl\/fr\/wp-json\/wp\/v2\/pages\/94538\/revisions\/1608872"}],"wp:attachment":[{"href":"https:\/\/bigmachinery.nl\/fr\/wp-json\/wp\/v2\/media?parent=94538"}],"curies":[{"name":"wp","href":"https:\/\/api.w.org\/{rel}","templated":true}]}}