{"id":514046,"date":"2021-03-12T13:23:40","date_gmt":"2021-03-12T12:23:40","guid":{"rendered":"https:\/\/wp-test.bigmachinery.nl\/parts\/"},"modified":"2025-12-05T10:56:44","modified_gmt":"2025-12-05T09:56:44","slug":"big-pieces","status":"publish","type":"page","link":"https:\/\/bigmachinery.nl\/fr\/big-pieces\/","title":{"rendered":"Big pi\u00e8ces"},"content":{"rendered":"\n<div class=\"wp-block-columns is-layout-flex wp-container-core-columns-is-layout-9d6595d7 wp-block-columns-is-layout-flex\">\n<div class=\"wp-block-column is-layout-flow wp-block-column-is-layout-flow\">\n<p><strong>BIG Machinery<\/strong> fournit des pi\u00e8ces de rechange neuves, des kits de filtration et des composants de trains de roulement pour vos \u00e9quipements. Avec plus de 30 ans d\u2019exp\u00e9rience sur les machines Caterpillar, nous sommes votre partenaire expert pour tout ce qui concerne cette marque.<\/p>\n<\/div>\n\n\n\n<div class=\"wp-block-column is-layout-flow wp-block-column-is-layout-flow\">\n<p>Nous proposons \u00e0 la fois des pi\u00e8ces d\u2019origine et des pi\u00e8ces adaptables pour Caterpillar, ainsi que des composants de trains de roulement Vematrack, compatibles avec toutes les grandes marques d\u2019\u00e9quipements lourds en Europe. <\/p>\n\n\n\n<p><strong>Exp\u00e9dition rapide <br><\/strong>Gr\u00e2ce \u00e0 notre r\u00e9seau de partenaires logistiques de confiance, nous assurons une livraison rapide et fiable, o\u00f9 que vous soyez.<\/p>\n<\/div>\n<\/div>\n","protected":false},"excerpt":{"rendered":"<p>BIG Machinery fournit des pi\u00e8ces de rechange neuves, des kits de filtration et des composants de trains de roulement pour vos \u00e9quipements. Avec plus de 30 ans d\u2019exp\u00e9rience sur les machines Caterpillar, nous sommes votre partenaire expert pour tout ce qui concerne cette marque. Nous proposons \u00e0 la fois des pi\u00e8ces d\u2019origine et des pi\u00e8ces [&hellip;]<\/p>\n","protected":false},"author":1,"featured_media":473846,"parent":0,"menu_order":0,"comment_status":"closed","ping_status":"closed","template":"","meta":{"_acf_changed":false,"footnotes":""},"class_list":["post-514046","page","type-page","status-publish","has-post-thumbnail","hentry"],"acf":{"page_content":[{"acf_fc_layout":"page_blocks","page_blocks":[{"page":{"ID":514056,"post_author":"1","post_date":"2021-05-27 13:58:31","post_date_gmt":"2021-05-27 11:58:31","post_content":"","post_title":"Pi\u00e8ces de rechange","post_excerpt":"","post_status":"publish","comment_status":"closed","ping_status":"closed","post_password":"","post_name":"pieces-de-rechange","to_ping":"","pinged":"","post_modified":"2025-12-05 11:03:18","post_modified_gmt":"2025-12-05 10:03:18","post_content_filtered":"","post_parent":514046,"guid":"https:\/\/wp-test.bigmachinery.nl\/parts\/repair-parts\/","menu_order":0,"post_type":"page","post_mime_type":"","comment_count":"0","filter":"raw"},"name":""},{"page":{"ID":514051,"post_author":"1","post_date":"2021-05-27 13:58:03","post_date_gmt":"2021-05-27 11:58:03","post_content":"","post_title":"Kits de filtration","post_excerpt":"","post_status":"publish","comment_status":"closed","ping_status":"closed","post_password":"","post_name":"kits-de-filtration","to_ping":"","pinged":"","post_modified":"2025-12-05 11:18:53","post_modified_gmt":"2025-12-05 10:18:53","post_content_filtered":"","post_parent":514046,"guid":"https:\/\/wp-test.bigmachinery.nl\/parts\/filter-packages\/","menu_order":0,"post_type":"page","post_mime_type":"","comment_count":"0","filter":"raw"},"name":""},{"page":{"ID":514061,"post_author":"1","post_date":"2021-05-27 13:59:10","post_date_gmt":"2021-05-27 11:59:10","post_content":"","post_title":"Composants du train de roulement","post_excerpt":"","post_status":"publish","comment_status":"closed","ping_status":"closed","post_password":"","post_name":"composants-du-train-de-roulement","to_ping":"","pinged":"","post_modified":"2025-12-05 11:28:27","post_modified_gmt":"2025-12-05 10:28:27","post_content_filtered":"","post_parent":514046,"guid":"https:\/\/wp-test.bigmachinery.nl\/parts\/undercarriage-components\/","menu_order":0,"post_type":"page","post_mime_type":"","comment_count":"0","filter":"raw"},"name":""}]}]},"_links":{"self":[{"href":"https:\/\/bigmachinery.nl\/fr\/wp-json\/wp\/v2\/pages\/514046","targetHints":{"allow":["GET"]}}],"collection":[{"href":"https:\/\/bigmachinery.nl\/fr\/wp-json\/wp\/v2\/pages"}],"about":[{"href":"https:\/\/bigmachinery.nl\/fr\/wp-json\/wp\/v2\/types\/page"}],"author":[{"embeddable":true,"href":"https:\/\/bigmachinery.nl\/fr\/wp-json\/wp\/v2\/users\/1"}],"replies":[{"embeddable":true,"href":"https:\/\/bigmachinery.nl\/fr\/wp-json\/wp\/v2\/comments?post=514046"}],"version-history":[{"count":5,"href":"https:\/\/bigmachinery.nl\/fr\/wp-json\/wp\/v2\/pages\/514046\/revisions"}],"predecessor-version":[{"id":1608617,"href":"https:\/\/bigmachinery.nl\/fr\/wp-json\/wp\/v2\/pages\/514046\/revisions\/1608617"}],"wp:featuredmedia":[{"embeddable":true,"href":"https:\/\/bigmachinery.nl\/fr\/wp-json\/wp\/v2\/media\/473846"}],"wp:attachment":[{"href":"https:\/\/bigmachinery.nl\/fr\/wp-json\/wp\/v2\/media?parent=514046"}],"curies":[{"name":"wp","href":"https:\/\/api.w.org\/{rel}","templated":true}]}}