{"id":514127,"date":"2021-06-11T14:20:46","date_gmt":"2021-06-11T12:20:46","guid":{"rendered":"https:\/\/wp-test.bigmachinery.nl\/services\/workshop\/"},"modified":"2025-12-03T17:25:52","modified_gmt":"2025-12-03T16:25:52","slug":"taller","status":"publish","type":"page","link":"https:\/\/bigmachinery.nl\/es\/servicios\/taller\/","title":{"rendered":"Taller"},"content":{"rendered":"\n<p><strong>Servicios de taller especializados en BIG Machinery <\/strong><\/p>\n\n\n\n<p>Desde <strong>inspecciones t\u00e9cnicas e hidr\u00e1ulicas a comprobaciones del bastidor inferior, pinturas y sustituci\u00f3n de piezas<\/strong>, todo es posible de la mano de nuestro equipo completo del <strong>taller BIG<\/strong>. Nuestros mec\u00e1nicos cualificados trabajan diariamente para garantizar la calidad y durabilidad de nuestro equipo de segunda mano. <\/p>\n\n\n\n<p>Cuando compre m\u00e1quinas, camiones o equipo de BIG Machinery, siempre podr\u00e1 beneficiarse de nuestras <strong>competitivas opciones de servicio interno<\/strong>.<\/p>\n","protected":false},"excerpt":{"rendered":"<p>Servicios de taller especializados en BIG Machinery Desde inspecciones t\u00e9cnicas e hidr\u00e1ulicas a comprobaciones del bastidor inferior, pinturas y sustituci\u00f3n de piezas, todo es posible de la mano de nuestro equipo completo del taller BIG. Nuestros mec\u00e1nicos cualificados trabajan diariamente para garantizar la calidad y durabilidad de nuestro equipo de segunda mano. Cuando compre m\u00e1quinas, [&hellip;]<\/p>\n","protected":false},"author":1,"featured_media":513740,"parent":514097,"menu_order":0,"comment_status":"closed","ping_status":"closed","template":"","meta":{"_acf_changed":false,"footnotes":""},"class_list":["post-514127","page","type-page","status-publish","has-post-thumbnail","hentry"],"acf":{"page_content":false},"_links":{"self":[{"href":"https:\/\/bigmachinery.nl\/es\/wp-json\/wp\/v2\/pages\/514127","targetHints":{"allow":["GET"]}}],"collection":[{"href":"https:\/\/bigmachinery.nl\/es\/wp-json\/wp\/v2\/pages"}],"about":[{"href":"https:\/\/bigmachinery.nl\/es\/wp-json\/wp\/v2\/types\/page"}],"author":[{"embeddable":true,"href":"https:\/\/bigmachinery.nl\/es\/wp-json\/wp\/v2\/users\/1"}],"replies":[{"embeddable":true,"href":"https:\/\/bigmachinery.nl\/es\/wp-json\/wp\/v2\/comments?post=514127"}],"version-history":[{"count":2,"href":"https:\/\/bigmachinery.nl\/es\/wp-json\/wp\/v2\/pages\/514127\/revisions"}],"predecessor-version":[{"id":1605787,"href":"https:\/\/bigmachinery.nl\/es\/wp-json\/wp\/v2\/pages\/514127\/revisions\/1605787"}],"up":[{"embeddable":true,"href":"https:\/\/bigmachinery.nl\/es\/wp-json\/wp\/v2\/pages\/514097"}],"wp:featuredmedia":[{"embeddable":true,"href":"https:\/\/bigmachinery.nl\/es\/wp-json\/wp\/v2\/media\/513740"}],"wp:attachment":[{"href":"https:\/\/bigmachinery.nl\/es\/wp-json\/wp\/v2\/media?parent=514127"}],"curies":[{"name":"wp","href":"https:\/\/api.w.org\/{rel}","templated":true}]}}