{"id":514102,"date":"2021-06-11T14:28:29","date_gmt":"2021-06-11T12:28:29","guid":{"rendered":"https:\/\/wp-test.bigmachinery.nl\/services\/general-sales-and-warranty\/"},"modified":"2025-12-03T17:32:07","modified_gmt":"2025-12-03T16:32:07","slug":"ventas-generales-y-garantia","status":"publish","type":"page","link":"https:\/\/bigmachinery.nl\/es\/servicios\/ventas-generales-y-garantia\/","title":{"rendered":"Ventas generales y garant\u00eda"},"content":{"rendered":"\n<p><strong>Informaci\u00f3n general de ventas<br><\/strong>Gracias por tener en cuenta a BIG Machinery. Para garantizar la transparencia, hemos definido nuestro proceso en nuestros t\u00e9rminos y condiciones, por lo que usted sabe exactamente qu\u00e9 esperar de nosotros. Puede encontrar un resumen y el documento completo aqu\u00ed:<\/p>\n\n\n\n<div class=\"wp-block-buttons is-layout-flex wp-block-buttons-is-layout-flex\">\n<div class=\"wp-block-button\"><a class=\"wp-block-button__link wp-element-button\" href=\"https:\/\/bigmachinery.nl\/es\/terminos-y-condiciones-generales-de-big-machinery-b-v\/\">T\u00e9rminos y condiciones generales<\/a><\/div>\n<\/div>\n\n\n\n<p><strong>Garant\u00eda<\/strong><br>BIG Machinery no ofrece ninguna garant\u00eda sobre el equipo usado a menos que se especifique. Cualquier garant\u00eda aplicable ser\u00eda la del fabricante.<\/p>\n","protected":false},"excerpt":{"rendered":"<p>Informaci\u00f3n general de ventasGracias por tener en cuenta a BIG Machinery. Para garantizar la transparencia, hemos definido nuestro proceso en nuestros t\u00e9rminos y condiciones, por lo que usted sabe exactamente qu\u00e9 esperar de nosotros. Puede encontrar un resumen y el documento completo aqu\u00ed: Garant\u00edaBIG Machinery no ofrece ninguna garant\u00eda sobre el equipo usado a menos [&hellip;]<\/p>\n","protected":false},"author":1,"featured_media":474060,"parent":514097,"menu_order":0,"comment_status":"closed","ping_status":"closed","template":"","meta":{"_acf_changed":false,"footnotes":""},"class_list":["post-514102","page","type-page","status-publish","has-post-thumbnail","hentry"],"acf":{"page_content":false},"_links":{"self":[{"href":"https:\/\/bigmachinery.nl\/es\/wp-json\/wp\/v2\/pages\/514102","targetHints":{"allow":["GET"]}}],"collection":[{"href":"https:\/\/bigmachinery.nl\/es\/wp-json\/wp\/v2\/pages"}],"about":[{"href":"https:\/\/bigmachinery.nl\/es\/wp-json\/wp\/v2\/types\/page"}],"author":[{"embeddable":true,"href":"https:\/\/bigmachinery.nl\/es\/wp-json\/wp\/v2\/users\/1"}],"replies":[{"embeddable":true,"href":"https:\/\/bigmachinery.nl\/es\/wp-json\/wp\/v2\/comments?post=514102"}],"version-history":[{"count":3,"href":"https:\/\/bigmachinery.nl\/es\/wp-json\/wp\/v2\/pages\/514102\/revisions"}],"predecessor-version":[{"id":1605844,"href":"https:\/\/bigmachinery.nl\/es\/wp-json\/wp\/v2\/pages\/514102\/revisions\/1605844"}],"up":[{"embeddable":true,"href":"https:\/\/bigmachinery.nl\/es\/wp-json\/wp\/v2\/pages\/514097"}],"wp:featuredmedia":[{"embeddable":true,"href":"https:\/\/bigmachinery.nl\/es\/wp-json\/wp\/v2\/media\/474060"}],"wp:attachment":[{"href":"https:\/\/bigmachinery.nl\/es\/wp-json\/wp\/v2\/media?parent=514102"}],"curies":[{"name":"wp","href":"https:\/\/api.w.org\/{rel}","templated":true}]}}