{"id":514060,"date":"2021-05-27T13:58:31","date_gmt":"2021-05-27T11:58:31","guid":{"rendered":"https:\/\/wp-test.bigmachinery.nl\/parts\/repair-parts\/"},"modified":"2025-12-03T16:36:36","modified_gmt":"2025-12-03T15:36:36","slug":"piezas-para-las-reparaciones","status":"publish","type":"page","link":"https:\/\/bigmachinery.nl\/es\/piezas-big\/piezas-para-las-reparaciones\/","title":{"rendered":"Piezas para las reparaciones"},"content":{"rendered":"","protected":false},"excerpt":{"rendered":"","protected":false},"author":1,"featured_media":513673,"parent":514050,"menu_order":0,"comment_status":"closed","ping_status":"closed","template":"","meta":{"_acf_changed":false,"footnotes":""},"class_list":["post-514060","page","type-page","status-publish","has-post-thumbnail","hentry"],"acf":{"page_content":[{"acf_fc_layout":"two_columns","background_color":"white","intro":"<p><strong>BIG Machinery<\/strong> proporciona piezas de repuesto originales y de alta calidad para Caterpillar y otras grandes marcas. Trabajamos directamente con fabricantes y proveedores internacionales, lo que garantiza la entrega r\u00e1pida y eficiente a nuestro almac\u00e9n en los Pa\u00edses Bajos.<\/p>\n","columns":{"column_left":"<p><img loading=\"lazy\" decoding=\"async\" width=\"1024\" height=\"683\" class=\"alignnone wp-image-473931 size-large\" src=\"https:\/\/bigmachinery.nl\/app\/uploads\/2021\/05\/1-Repair-parts-1024x683.jpeg\" alt=\"\" srcset=\"https:\/\/bigmachinery.nl\/app\/uploads\/2021\/05\/1-Repair-parts-1024x683.jpeg 1024w, https:\/\/bigmachinery.nl\/app\/uploads\/2021\/05\/1-Repair-parts-300x200.jpeg 300w, https:\/\/bigmachinery.nl\/app\/uploads\/2021\/05\/1-Repair-parts-768x512.jpeg 768w\" sizes=\"auto, (max-width: 1024px) 100vw, 1024px\" \/><\/p>\n","column_right":"<p>Todas las piezas cumplen con estrictos est\u00e1ndares de calidad, lo que nos permite garantizar el m\u00e1ximo rendimiento. Nuestro surtido incluye:<\/p>\n<ul>\n<li>Piezas del motor: cig\u00fce\u00f1ales, culatas, revestimientos, pistones, v\u00e1lvulas, etc.<\/li>\n<li>Componentes hidr\u00e1ulicos: sistemas de direcci\u00f3n, bombas de engranajes, bombas de pistones<\/li>\n<li>Transmisi\u00f3n y accionamientos finales<\/li>\n<li>Componentes de refrigeraci\u00f3n: enfriadores de aceite, radiadores, bombas de agua<\/li>\n<li>Convertidores de par y piezas de conexi\u00f3n<\/li>\n<li>Piezas del sistema de frenos: pinzas, discos, compresores<\/li>\n<li>Componentes el\u00e9ctricos: arrancadores, sensores, alternadores, luces, bater\u00edas<\/li>\n<li>Piezas del chasis: bogies, barras de ecualizaci\u00f3n, protectores<\/li>\n<li>Piezas de reparaci\u00f3n de cabinas: ventanas, indicadores, asientos<\/li>\n<\/ul>\n"}},{"acf_fc_layout":"two_columns","background_color":"blue","intro":"","columns":{"column_left":"","column_right":""}},{"acf_fc_layout":"form","title":"FORMULARIO DE SOLICITUD PIEZAS","form":"3"}]},"_links":{"self":[{"href":"https:\/\/bigmachinery.nl\/es\/wp-json\/wp\/v2\/pages\/514060","targetHints":{"allow":["GET"]}}],"collection":[{"href":"https:\/\/bigmachinery.nl\/es\/wp-json\/wp\/v2\/pages"}],"about":[{"href":"https:\/\/bigmachinery.nl\/es\/wp-json\/wp\/v2\/types\/page"}],"author":[{"embeddable":true,"href":"https:\/\/bigmachinery.nl\/es\/wp-json\/wp\/v2\/users\/1"}],"replies":[{"embeddable":true,"href":"https:\/\/bigmachinery.nl\/es\/wp-json\/wp\/v2\/comments?post=514060"}],"version-history":[{"count":3,"href":"https:\/\/bigmachinery.nl\/es\/wp-json\/wp\/v2\/pages\/514060\/revisions"}],"predecessor-version":[{"id":1605440,"href":"https:\/\/bigmachinery.nl\/es\/wp-json\/wp\/v2\/pages\/514060\/revisions\/1605440"}],"up":[{"embeddable":true,"href":"https:\/\/bigmachinery.nl\/es\/wp-json\/wp\/v2\/pages\/514050"}],"wp:featuredmedia":[{"embeddable":true,"href":"https:\/\/bigmachinery.nl\/es\/wp-json\/wp\/v2\/media\/513673"}],"wp:attachment":[{"href":"https:\/\/bigmachinery.nl\/es\/wp-json\/wp\/v2\/media?parent=514060"}],"curies":[{"name":"wp","href":"https:\/\/api.w.org\/{rel}","templated":true}]}}